{"id":59,"date":"2025-10-17T07:55:16","date_gmt":"2025-10-17T07:55:16","guid":{"rendered":"https:\/\/edition-blickpunkte.at\/?page_id=59"},"modified":"2026-02-18T06:40:12","modified_gmt":"2026-02-18T06:40:12","slug":"impressum","status":"publish","type":"page","link":"https:\/\/edition-blickpunkte.at\/?page_id=59","title":{"rendered":"Impressum"},"content":{"rendered":"\n<hr class=\"wp-block-separator has-alpha-channel-opacity\"\/>\n\n\n\n<p><strong>Medieninhaber, Herausgeber und Verleger<\/strong><br><strong>Verein Blickpunkte<\/strong><br>ZVR-Zahl: 1296786610<br>Simmeringer Hauptstra\u00dfe 108B\/10<br>A-1110 Wien \u00d6sterreich<\/p>\n\n\n\n<p><strong>Vertretungsbefugte Organe<\/strong><br>Obmann: Markus Drechsler | Schriftf\u00fchrerin: Dr. Christine Hubka<\/p>\n\n\n\n<p><strong>Inhaltliche Verantwortung<\/strong><br>Markus Drechsler<\/p>\n\n\n\n<p><strong>Kontakt<\/strong><br>Telefon: +43 664 184 85 58<br>E-Mail: markus.drechsler@menschenundrechte.at<br>Web: <a href=\"http:\/\/www.edition-blickpunkte.at\/\">www.edition-blickpunkte.a<\/a>t<\/p>\n\n\n\n<p><strong>Vereinszweck<\/strong><br>Der Verein Blickpunkte bezweckt die F\u00f6rderung von Menschenrechten, Aufkl\u00e4rung und kritischer Berichterstattung \u00fcber Themen aus Justiz, Psychiatrie, Psychologie, Sozialpolitik sowie Straf- und Ma\u00dfnahmenvollzug. Der Verein betreibt die <strong>Edition Blickpunkte<\/strong> und gibt journalistisch-redaktionelle Publikationen in Print- und Onlineform heraus.<\/p>\n\n\n\n<p><strong>Medieninhaltliche Richtung (\u00a7 25 Abs 4 MedienG)<\/strong><br>\u201eEdition Blickpunkte\u201c ist eine unabh\u00e4ngige journalistische Publikation, die sich mit den Themen Justiz, Menschenrechte, forensische Psychiatrie und psychologische Begutachtung besch\u00e4ftigt. Ziel ist eine faktenbasierte, menschenrechtsorientierte und verantwortungsbewusste Berichterstattung.<\/p>\n\n\n\n<p><strong>Grundlegende Richtung der Website (\u00a7 25 Abs 4 MedienG)<\/strong><br>Die Website informiert \u00fcber Publikationen, Projekte, Veranstaltungen und Themen aus den Arbeitsbereichen des Vereins Blickpunkte und der Edition Blickpunkte.<\/p>\n\n\n\n<p><strong>Offenlegung gem\u00e4\u00df \u00a7 25 Abs 2 MedienG<\/strong><br>Medieninhaber: Verein Blickpunkte<br>ZVR-Zahl: 1296786610<br>Sitz: Wien<br>Beteiligungsverh\u00e4ltnisse: Der Verein ist gemeinn\u00fctzig, ohne Beteiligungen Dritter.<br>Herausgeber: Verein Blickpunkte<\/p>\n\n\n\n<p><strong>Urheberrecht<\/strong><br>Alle Inhalte, Texte, Fotos und Grafiken sind urheberrechtlich gesch\u00fctzt. Jede Nutzung au\u00dferhalb der Grenzen des Urheberrechtsgesetzes ist ohne schriftliche Zustimmung des Vereins untersagt.<\/p>\n\n\n\n<p><strong>Haftungsausschluss<\/strong><br>Alle Inhalte werden sorgf\u00e4ltig gepr\u00fcft. Dennoch \u00fcbernimmt der Verein keine Haftung f\u00fcr Richtigkeit, Vollst\u00e4ndigkeit und Aktualit\u00e4t. F\u00fcr externe Links sind ausschlie\u00dflich deren Betreiber verantwortlich.<\/p>\n\n\n\n<p><strong>Datenschutz<\/strong><br>Informationen zum Datenschutz finden Sie in der Datenschutzerkl\u00e4rung.<\/p>\n\n\n\n<p><strong>Online-Streitbeilegung gem\u00e4\u00df Art 14 Abs 1 ODR-VO<\/strong><br>Die Europ\u00e4ische Kommission stellt eine Plattform zur Online-Streitbeilegung (OS) bereit:<br><a href=\"https:\/\/ec.europa.eu\/consumers\/odr\">https:\/\/ec.europa.eu\/consumers\/odr<\/a><\/p>\n","protected":false},"excerpt":{"rendered":"<p>Medieninhaber, Herausgeber und VerlegerVerein BlickpunkteZVR-Zahl: 1296786610Simmeringer Hauptstra\u00dfe 108B\/10A-1110 Wien \u00d6sterreich Vertretungsbefugte OrganeObmann: Markus Drechsler | Schriftf\u00fchrerin: Dr. Christine Hubka Inhaltliche [&hellip;]<\/p>\n","protected":false},"author":1,"featured_media":0,"parent":0,"menu_order":0,"comment_status":"closed","ping_status":"closed","template":"","meta":{"_uag_custom_page_level_css":"","site-sidebar-layout":"default","site-content-layout":"","ast-site-content-layout":"default","site-content-style":"default","site-sidebar-style":"default","ast-global-header-display":"","ast-banner-title-visibility":"","ast-main-header-display":"","ast-hfb-above-header-display":"","ast-hfb-below-header-display":"","ast-hfb-mobile-header-display":"","site-post-title":"","ast-breadcrumbs-content":"","ast-featured-img":"","footer-sml-layout":"","ast-disable-related-posts":"","theme-transparent-header-meta":"","adv-header-id-meta":"","stick-header-meta":"","header-above-stick-meta":"","header-main-stick-meta":"","header-below-stick-meta":"","astra-migrate-meta-layouts":"default","ast-page-background-enabled":"default","ast-page-background-meta":{"desktop":{"background-color":"var(--ast-global-color-5)","background-image":"","background-repeat":"repeat","background-position":"center center","background-size":"auto","background-attachment":"scroll","background-type":"","background-media":"","overlay-type":"","overlay-color":"","overlay-opacity":"","overlay-gradient":""},"tablet":{"background-color":"","background-image":"","background-repeat":"repeat","background-position":"center center","background-size":"auto","background-attachment":"scroll","background-type":"","background-media":"","overlay-type":"","overlay-color":"","overlay-opacity":"","overlay-gradient":""},"mobile":{"background-color":"","background-image":"","background-repeat":"repeat","background-position":"center center","background-size":"auto","background-attachment":"scroll","background-type":"","background-media":"","overlay-type":"","overlay-color":"","overlay-opacity":"","overlay-gradient":""}},"ast-content-background-meta":{"desktop":{"background-color":"var(--ast-global-color-4)","background-image":"","background-repeat":"repeat","background-position":"center center","background-size":"auto","background-attachment":"scroll","background-type":"","background-media":"","overlay-type":"","overlay-color":"","overlay-opacity":"","overlay-gradient":""},"tablet":{"background-color":"var(--ast-global-color-4)","background-image":"","background-repeat":"repeat","background-position":"center center","background-size":"auto","background-attachment":"scroll","background-type":"","background-media":"","overlay-type":"","overlay-color":"","overlay-opacity":"","overlay-gradient":""},"mobile":{"background-color":"var(--ast-global-color-4)","background-image":"","background-repeat":"repeat","background-position":"center center","background-size":"auto","background-attachment":"scroll","background-type":"","background-media":"","overlay-type":"","overlay-color":"","overlay-opacity":"","overlay-gradient":""}},"footnotes":""},"class_list":["post-59","page","type-page","status-publish","hentry"],"uagb_featured_image_src":{"full":false,"thumbnail":false,"medium":false,"medium_large":false,"large":false,"1536x1536":false,"2048x2048":false},"uagb_author_info":{"display_name":"admin","author_link":"https:\/\/edition-blickpunkte.at\/?author=1"},"uagb_comment_info":0,"uagb_excerpt":"Medieninhaber, Herausgeber und VerlegerVerein BlickpunkteZVR-Zahl: 1296786610Simmeringer Hauptstra\u00dfe 108B\/10A-1110 Wien \u00d6sterreich Vertretungsbefugte OrganeObmann: Markus Drechsler | Schriftf\u00fchrerin: Dr. Christine Hubka Inhaltliche [&hellip;]","_links":{"self":[{"href":"https:\/\/edition-blickpunkte.at\/index.php?rest_route=\/wp\/v2\/pages\/59","targetHints":{"allow":["GET"]}}],"collection":[{"href":"https:\/\/edition-blickpunkte.at\/index.php?rest_route=\/wp\/v2\/pages"}],"about":[{"href":"https:\/\/edition-blickpunkte.at\/index.php?rest_route=\/wp\/v2\/types\/page"}],"author":[{"embeddable":true,"href":"https:\/\/edition-blickpunkte.at\/index.php?rest_route=\/wp\/v2\/users\/1"}],"replies":[{"embeddable":true,"href":"https:\/\/edition-blickpunkte.at\/index.php?rest_route=%2Fwp%2Fv2%2Fcomments&post=59"}],"version-history":[{"count":2,"href":"https:\/\/edition-blickpunkte.at\/index.php?rest_route=\/wp\/v2\/pages\/59\/revisions"}],"predecessor-version":[{"id":80,"href":"https:\/\/edition-blickpunkte.at\/index.php?rest_route=\/wp\/v2\/pages\/59\/revisions\/80"}],"wp:attachment":[{"href":"https:\/\/edition-blickpunkte.at\/index.php?rest_route=%2Fwp%2Fv2%2Fmedia&parent=59"}],"curies":[{"name":"wp","href":"https:\/\/api.w.org\/{rel}","templated":true}]}}