{"id":16,"date":"2025-10-17T05:44:42","date_gmt":"2025-10-17T05:44:42","guid":{"rendered":"https:\/\/edition-blickpunkte.at\/?page_id=16"},"modified":"2025-11-07T05:25:50","modified_gmt":"2025-11-07T05:25:50","slug":"home","status":"publish","type":"page","link":"https:\/\/edition-blickpunkte.at\/","title":{"rendered":"Home"},"content":{"rendered":"\n<div style=\"height:100px\" aria-hidden=\"true\" class=\"wp-block-spacer\"><\/div>\n\n\n\n<div class=\"wp-block-cover alignfull\" style=\"min-height:720px;aspect-ratio:unset;\"><span aria-hidden=\"true\" class=\"wp-block-cover__background has-background-dim-100 has-background-dim has-background-gradient\" style=\"background:linear-gradient(135deg,rgb(156,115,19) 34%,rgb(255,105,0) 100%)\"><\/span><div class=\"wp-block-cover__inner-container is-layout-flow wp-block-cover-is-layout-flow\">\n<div class=\"inherit-container-width wp-block-group alignwide is-layout-constrained wp-block-group-is-layout-constrained\">\n<div class=\"wp-block-media-text alignwide has-media-on-the-right is-stacked-on-mobile is-vertically-aligned-center\" style=\"grid-template-columns:auto 31%\"><div class=\"wp-block-media-text__content\">\n<h1 class=\"wp-block-heading has-text-align-left has-white-color has-text-color\">Willkommen<\/h1>\n\n\n\n<p class=\"has-white-color has-text-color\">auf der Internetseite der Edition Blickpunkte<\/p>\n\n\n\n<div class=\"wp-block-buttons is-layout-flex wp-block-buttons-is-layout-flex\">\n<div class=\"wp-block-button\"><a class=\"wp-block-button__link wp-element-button\" href=\"https:\/\/mundr.sumupstore.com\/\" target=\"_blank\" rel=\"noreferrer noopener\">Zum Online-Shop<\/a><\/div>\n<\/div>\n<\/div><figure class=\"wp-block-media-text__media\"><img loading=\"lazy\" decoding=\"async\" width=\"768\" height=\"1024\" src=\"https:\/\/edition-blickpunkte.at\/wp-content\/uploads\/2025\/10\/IMG_2186-768x1024.jpg\" alt=\"\" class=\"wp-image-6 size-full\" srcset=\"https:\/\/edition-blickpunkte.at\/wp-content\/uploads\/2025\/10\/IMG_2186-768x1024.jpg 768w, https:\/\/edition-blickpunkte.at\/wp-content\/uploads\/2025\/10\/IMG_2186-225x300.jpg 225w, https:\/\/edition-blickpunkte.at\/wp-content\/uploads\/2025\/10\/IMG_2186-1152x1536.jpg 1152w, https:\/\/edition-blickpunkte.at\/wp-content\/uploads\/2025\/10\/IMG_2186-1536x2048.jpg 1536w, https:\/\/edition-blickpunkte.at\/wp-content\/uploads\/2025\/10\/IMG_2186-scaled.jpg 1920w\" sizes=\"auto, (max-width: 768px) 100vw, 768px\" \/><\/figure><\/div>\n<\/div>\n<\/div><\/div>\n\n\n\n<div class=\"wp-block-group alignfull is-layout-constrained wp-container-core-group-is-layout-45b0ac4f wp-block-group-is-layout-constrained\" id=\"services\" style=\"padding-top:144px;padding-bottom:0px\">\n<h2 class=\"wp-block-heading\">Neuerscheinungen<\/h2>\n\n\n\n<div class=\"wp-block-columns is-layout-flex wp-container-core-columns-is-layout-60cbf9bb wp-block-columns-is-layout-flex\" style=\"margin-top:50px\">\n<div class=\"wp-block-column is-layout-flow wp-container-core-column-is-layout-6b73ce23 wp-block-column-is-layout-flow\">\n<figure class=\"wp-block-image size-full\"><img loading=\"lazy\" decoding=\"async\" width=\"720\" height=\"1080\" src=\"https:\/\/edition-blickpunkte.at\/wp-content\/uploads\/2025\/10\/Cover-Hardcover-png.png\" alt=\"\" class=\"wp-image-35\" srcset=\"https:\/\/edition-blickpunkte.at\/wp-content\/uploads\/2025\/10\/Cover-Hardcover-png.png 720w, https:\/\/edition-blickpunkte.at\/wp-content\/uploads\/2025\/10\/Cover-Hardcover-png-200x300.png 200w, https:\/\/edition-blickpunkte.at\/wp-content\/uploads\/2025\/10\/Cover-Hardcover-png-683x1024.png 683w\" sizes=\"auto, (max-width: 720px) 100vw, 720px\" \/><\/figure>\n\n\n\n<h3 class=\"wp-block-heading\" style=\"margin-top:16px\"><a href=\"https:\/\/mundr.sumupstore.com\/produkt\/wenn-ein-gutachten-uber-ihr-leben-entscheidet\" target=\"_blank\" rel=\"noreferrer noopener\">Wenn ein Gutachten \u00fcber Ihr Leben entscheidet<\/a><\/h3>\n\n\n\n<p>Alles was Sie \u00fcber psychologische Gutachten im Familienrecht wissen m\u00fcssen und wie Sie sich gezielt darauf vorbereiten k\u00f6nnen.<\/p>\n<\/div>\n\n\n\n<div class=\"wp-block-column is-layout-flow wp-container-core-column-is-layout-6b73ce23 wp-block-column-is-layout-flow\">\n<figure class=\"wp-block-image size-full\"><img loading=\"lazy\" decoding=\"async\" width=\"726\" height=\"1084\" src=\"https:\/\/edition-blickpunkte.at\/wp-content\/uploads\/2025\/10\/Cover-Hardcover-Vorderseite.png\" alt=\"\" class=\"wp-image-36\" srcset=\"https:\/\/edition-blickpunkte.at\/wp-content\/uploads\/2025\/10\/Cover-Hardcover-Vorderseite.png 726w, https:\/\/edition-blickpunkte.at\/wp-content\/uploads\/2025\/10\/Cover-Hardcover-Vorderseite-201x300.png 201w, https:\/\/edition-blickpunkte.at\/wp-content\/uploads\/2025\/10\/Cover-Hardcover-Vorderseite-686x1024.png 686w\" sizes=\"auto, (max-width: 726px) 100vw, 726px\" \/><\/figure>\n\n\n\n<h3 class=\"wp-block-heading\" style=\"margin-top:16px\"><a href=\"https:\/\/mundr.sumupstore.com\/produkt\/gutachten-zum-massnahmenvollzug\" target=\"_blank\" rel=\"noreferrer noopener\">Gutachten im Ma\u00dfnahmenvollzug<\/a><\/h3>\n\n\n\n<p>Psychiatrische und psychologische Begutachtung in Strafverfahren und im Vollzug. Ein Praxisratgeber.<\/p>\n<\/div>\n\n\n\n<div class=\"wp-block-column is-layout-flow wp-container-core-column-is-layout-6b73ce23 wp-block-column-is-layout-flow\">\n<figure class=\"wp-block-image size-full\"><img loading=\"lazy\" decoding=\"async\" width=\"704\" height=\"1009\" src=\"https:\/\/edition-blickpunkte.at\/wp-content\/uploads\/2025\/10\/Cover-mini-1.jpg\" alt=\"\" class=\"wp-image-37\" srcset=\"https:\/\/edition-blickpunkte.at\/wp-content\/uploads\/2025\/10\/Cover-mini-1.jpg 704w, https:\/\/edition-blickpunkte.at\/wp-content\/uploads\/2025\/10\/Cover-mini-1-209x300.jpg 209w\" sizes=\"auto, (max-width: 704px) 100vw, 704px\" \/><\/figure>\n\n\n\n<h3 class=\"wp-block-heading\" style=\"margin-top:16px\"><a href=\"https:\/\/mundr.sumupstore.com\/produkt\/ich-reite-den-drachen-eltern-im-gefangnis\" target=\"_blank\" rel=\"noreferrer noopener\">Ich reite den Drachen<\/a><\/h3>\n\n\n\n<p>Ein Kinderbuch f\u00fcr Kinder von 5-10 Jahren deren Elternteil im Gef\u00e4ngnis ist.<\/p>\n<\/div>\n<\/div>\n<\/div>\n\n\n\n<div class=\"wp-block-group alignfull has-ast-global-color-7-background-color has-background is-layout-constrained wp-container-core-group-is-layout-9cedb757 wp-block-group-is-layout-constrained\" style=\"padding-bottom:0px\">\n<div class=\"wp-block-columns are-vertically-aligned-top is-layout-flex wp-container-core-columns-is-layout-00723822 wp-block-columns-is-layout-flex\">\n<div class=\"wp-block-column is-vertically-aligned-top is-layout-flow wp-container-core-column-is-layout-6b73ce23 wp-block-column-is-layout-flow\">\n<figure class=\"wp-block-image size-large\"><img decoding=\"async\" src=\"https:\/\/edition-blickpunkte.at\/wp-content\/themes\/astra\/inc\/assets\/images\/starter-content\/building.svg\" alt=\"\" class=\"wp-image-134\"\/><\/figure>\n\n\n\n<h3 class=\"wp-block-heading has-text-align-left\" style=\"margin-top:16px\">Der Verlag<\/h3>\n\n\n\n<p class=\"has-text-align-left\">Hier folgt in K\u00fcrze mehr \u00fcber die Verlagsgeschichte.<\/p>\n<\/div>\n\n\n\n<div class=\"wp-block-column is-vertically-aligned-top is-layout-flow wp-container-core-column-is-layout-6b73ce23 wp-block-column-is-layout-flow\">\n<figure class=\"wp-block-image size-large\"><a href=\"https:\/\/mundr.sumupstore.com\/\"><img decoding=\"async\" src=\"https:\/\/edition-blickpunkte.at\/wp-content\/themes\/astra\/inc\/assets\/images\/starter-content\/shopping-bag.svg\" alt=\"\" class=\"wp-image-135\"\/><\/a><\/figure>\n\n\n\n<h3 class=\"wp-block-heading has-text-align-left\" style=\"margin-top:16px\"><a href=\"https:\/\/mundr.sumupstore.com\/\" target=\"_blank\" rel=\"noreferrer noopener\">Online-Shop<\/a><\/h3>\n\n\n\n<p class=\"has-text-align-left\">Hier k\u00f6nnen Sie unsere B\u00fccher bestellen.<\/p>\n<\/div>\n\n\n\n<div class=\"wp-block-column is-vertically-aligned-top is-layout-flow wp-container-core-column-is-layout-6b73ce23 wp-block-column-is-layout-flow\">\n<figure class=\"wp-block-image size-large\"><img decoding=\"async\" src=\"https:\/\/edition-blickpunkte.at\/wp-content\/themes\/astra\/inc\/assets\/images\/starter-content\/blog.svg\" alt=\"\" class=\"wp-image-136\"\/><\/figure>\n\n\n\n<h3 class=\"wp-block-heading has-text-align-left\" style=\"margin-top:16px\"><a href=\"https:\/\/edition-blickpunkte.at\/?page_id=47\" data-type=\"page\" data-id=\"47\">Kontakt<\/a><\/h3>\n\n\n\n<p class=\"has-text-align-left\">Nehmen Sie mir uns Kontakt auf.<\/p>\n<\/div>\n\n\n\n<div class=\"wp-block-column is-vertically-aligned-top is-layout-flow wp-container-core-column-is-layout-6b73ce23 wp-block-column-is-layout-flow\">\n<figure class=\"wp-block-image size-large\"><img decoding=\"async\" src=\"https:\/\/edition-blickpunkte.at\/wp-content\/themes\/astra\/inc\/assets\/images\/starter-content\/portfolio.svg\" alt=\"\" class=\"wp-image-137\"\/><\/figure>\n\n\n\n<h3 class=\"wp-block-heading has-text-align-left\" style=\"margin-top:16px\">Ank\u00fcndigungen<\/h3>\n\n\n\n<p class=\"has-text-align-left\">Hier finden Sie in K\u00fcrze unsere Ank\u00fcndigungen zu Neuerscheinungen.<\/p>\n<\/div>\n<\/div>\n<\/div>\n\n\n\n<div class=\"wp-block-group alignfull has-ast-global-color-7-background-color has-background is-layout-constrained wp-container-core-group-is-layout-94d206d0 wp-block-group-is-layout-constrained\" id=\"about\" style=\"padding-top:143px;padding-bottom:144px\">\n<div class=\"wp-block-media-text has-media-on-the-right is-stacked-on-mobile is-vertically-aligned-center\"><div class=\"wp-block-media-text__content\">\n<div class=\"inherit-container-width wp-block-group is-layout-constrained wp-container-core-group-is-layout-47ce07ec wp-block-group-is-layout-constrained\" style=\"padding-right:80px\">\n<h2 class=\"wp-block-heading\" style=\"padding-right:40px\">Haben Sie eine Idee?<\/h2>\n\n\n\n<p>M\u00f6chten Sie mit uns \u00fcber eine Buch-Idee sprechen, die in unsere Ausrichtung passt? <\/p>\n\n\n\n<p>Sie k\u00f6nnen gerne mit uns <a href=\"https:\/\/edition-blickpunkte.at\/?page_id=47\" data-type=\"page\" data-id=\"47\">Kontakt <\/a>aufnehmen oder auch passende Manuskripte \u00fcbermitteln.<\/p>\n<\/div>\n<\/div><figure class=\"wp-block-media-text__media\"><img loading=\"lazy\" decoding=\"async\" width=\"1024\" height=\"683\" src=\"https:\/\/edition-blickpunkte.at\/wp-content\/uploads\/2025\/10\/AdobeStock_403234519-Mittel-1024x683.jpeg\" alt=\"\" class=\"wp-image-41 size-full\" srcset=\"https:\/\/edition-blickpunkte.at\/wp-content\/uploads\/2025\/10\/AdobeStock_403234519-Mittel-1024x683.jpeg 1024w, https:\/\/edition-blickpunkte.at\/wp-content\/uploads\/2025\/10\/AdobeStock_403234519-Mittel-300x200.jpeg 300w, https:\/\/edition-blickpunkte.at\/wp-content\/uploads\/2025\/10\/AdobeStock_403234519-Mittel-768x512.jpeg 768w, https:\/\/edition-blickpunkte.at\/wp-content\/uploads\/2025\/10\/AdobeStock_403234519-Mittel.jpeg 1152w\" sizes=\"auto, (max-width: 1024px) 100vw, 1024px\" \/><\/figure><\/div>\n<\/div>\n\n\n\n<div class=\"wp-block-group alignfull has-ast-global-color-7-background-color has-background is-layout-constrained wp-container-core-group-is-layout-6a2cfb7b wp-block-group-is-layout-constrained\" id=\"reviews\">\n<figure class=\"wp-block-image aligncenter size-full is-resized\"><img loading=\"lazy\" decoding=\"async\" width=\"1283\" height=\"1925\" src=\"https:\/\/edition-blickpunkte.at\/wp-content\/uploads\/2025\/11\/FE9A5538_resized-edited.jpg\" alt=\"\" class=\"wp-image-76\" style=\"width:80px;height:auto\" srcset=\"https:\/\/edition-blickpunkte.at\/wp-content\/uploads\/2025\/11\/FE9A5538_resized-edited.jpg 1283w, https:\/\/edition-blickpunkte.at\/wp-content\/uploads\/2025\/11\/FE9A5538_resized-edited-200x300.jpg 200w, https:\/\/edition-blickpunkte.at\/wp-content\/uploads\/2025\/11\/FE9A5538_resized-edited-682x1024.jpg 682w, https:\/\/edition-blickpunkte.at\/wp-content\/uploads\/2025\/11\/FE9A5538_resized-edited-768x1152.jpg 768w, https:\/\/edition-blickpunkte.at\/wp-content\/uploads\/2025\/11\/FE9A5538_resized-edited-1024x1536.jpg 1024w\" sizes=\"auto, (max-width: 1283px) 100vw, 1283px\" \/><\/figure>\n\n\n\n<p class=\"has-text-align-center\" style=\"font-size:22px;line-height:1.6\">\u201cEdition Blickpunkte ver\u00f6ffentlicht B\u00fccher zu Themen aus Justiz, Menschenrechte und Freiheitsentzug.\u201d<\/p>\n\n\n\n<p class=\"has-text-align-center\"><strong>Markus Drechsler<\/strong><\/p>\n<\/div>\n\n\n\n<p><\/p>\n","protected":false},"excerpt":{"rendered":"<p>Neuerscheinungen Wenn ein Gutachten \u00fcber Ihr Leben entscheidet Alles was Sie \u00fcber psychologische Gutachten im Familienrecht wissen m\u00fcssen und wie [&hellip;]<\/p>\n","protected":false},"author":1,"featured_media":0,"parent":0,"menu_order":0,"comment_status":"closed","ping_status":"closed","template":"","meta":{"_uag_custom_page_level_css":"","site-sidebar-layout":"no-sidebar","site-content-layout":"plain-container","ast-site-content-layout":"default","site-content-style":"default","site-sidebar-style":"default","ast-global-header-display":"","ast-banner-title-visibility":"","ast-main-header-display":"","ast-hfb-above-header-display":"","ast-hfb-below-header-display":"","ast-hfb-mobile-header-display":"","site-post-title":"disabled","ast-breadcrumbs-content":"","ast-featured-img":"","footer-sml-layout":"","ast-disable-related-posts":"","theme-transparent-header-meta":"enabled","adv-header-id-meta":"","stick-header-meta":"","header-above-stick-meta":"","header-main-stick-meta":"","header-below-stick-meta":"","astra-migrate-meta-layouts":"default","ast-page-background-enabled":"default","ast-page-background-meta":{"desktop":{"background-color":"var(--ast-global-color-5)","background-image":"","background-repeat":"repeat","background-position":"center center","background-size":"auto","background-attachment":"scroll","background-type":"","background-media":"","overlay-type":"","overlay-color":"","overlay-opacity":"","overlay-gradient":""},"tablet":{"background-color":"","background-image":"","background-repeat":"repeat","background-position":"center center","background-size":"auto","background-attachment":"scroll","background-type":"","background-media":"","overlay-type":"","overlay-color":"","overlay-opacity":"","overlay-gradient":""},"mobile":{"background-color":"","background-image":"","background-repeat":"repeat","background-position":"center center","background-size":"auto","background-attachment":"scroll","background-type":"","background-media":"","overlay-type":"","overlay-color":"","overlay-opacity":"","overlay-gradient":""}},"ast-content-background-meta":{"desktop":{"background-color":"var(--ast-global-color-4)","background-image":"","background-repeat":"repeat","background-position":"center center","background-size":"auto","background-attachment":"scroll","background-type":"","background-media":"","overlay-type":"","overlay-color":"","overlay-opacity":"","overlay-gradient":""},"tablet":{"background-color":"var(--ast-global-color-4)","background-image":"","background-repeat":"repeat","background-position":"center center","background-size":"auto","background-attachment":"scroll","background-type":"","background-media":"","overlay-type":"","overlay-color":"","overlay-opacity":"","overlay-gradient":""},"mobile":{"background-color":"var(--ast-global-color-4)","background-image":"","background-repeat":"repeat","background-position":"center center","background-size":"auto","background-attachment":"scroll","background-type":"","background-media":"","overlay-type":"","overlay-color":"","overlay-opacity":"","overlay-gradient":""}},"footnotes":""},"class_list":["post-16","page","type-page","status-publish","hentry"],"uagb_featured_image_src":{"full":false,"thumbnail":false,"medium":false,"medium_large":false,"large":false,"1536x1536":false,"2048x2048":false},"uagb_author_info":{"display_name":"admin","author_link":"https:\/\/edition-blickpunkte.at\/?author=1"},"uagb_comment_info":0,"uagb_excerpt":"Neuerscheinungen Wenn ein Gutachten \u00fcber Ihr Leben entscheidet Alles was Sie \u00fcber psychologische Gutachten im Familienrecht wissen m\u00fcssen und wie [&hellip;]","_links":{"self":[{"href":"https:\/\/edition-blickpunkte.at\/index.php?rest_route=\/wp\/v2\/pages\/16","targetHints":{"allow":["GET"]}}],"collection":[{"href":"https:\/\/edition-blickpunkte.at\/index.php?rest_route=\/wp\/v2\/pages"}],"about":[{"href":"https:\/\/edition-blickpunkte.at\/index.php?rest_route=\/wp\/v2\/types\/page"}],"author":[{"embeddable":true,"href":"https:\/\/edition-blickpunkte.at\/index.php?rest_route=\/wp\/v2\/users\/1"}],"replies":[{"embeddable":true,"href":"https:\/\/edition-blickpunkte.at\/index.php?rest_route=%2Fwp%2Fv2%2Fcomments&post=16"}],"version-history":[{"count":10,"href":"https:\/\/edition-blickpunkte.at\/index.php?rest_route=\/wp\/v2\/pages\/16\/revisions"}],"predecessor-version":[{"id":77,"href":"https:\/\/edition-blickpunkte.at\/index.php?rest_route=\/wp\/v2\/pages\/16\/revisions\/77"}],"wp:attachment":[{"href":"https:\/\/edition-blickpunkte.at\/index.php?rest_route=%2Fwp%2Fv2%2Fmedia&parent=16"}],"curies":[{"name":"wp","href":"https:\/\/api.w.org\/{rel}","templated":true}]}}